{"id":134,"date":"2023-07-28T22:11:13","date_gmt":"2023-07-28T20:11:13","guid":{"rendered":"https:\/\/os-milna.skole.hr\/?page_id=134"},"modified":"2026-03-31T08:46:29","modified_gmt":"2026-03-31T06:46:29","slug":"oglasi-za-posao","status":"publish","type":"page","link":"https:\/\/os-milna.skole.hr\/?page_id=134","title":{"rendered":"Natje\u010daji"},"content":{"rendered":"<p>[et_pb_section fb_built=&#8221;1&#8243; _builder_version=&#8221;4.25.0&#8243; _module_preset=&#8221;default&#8221; global_colors_info=&#8221;{}&#8221;][et_pb_row _builder_version=&#8221;4.25.0&#8243; _module_preset=&#8221;default&#8221; custom_padding=&#8221;|||8px||&#8221; global_colors_info=&#8221;{}&#8221;][et_pb_column type=&#8221;4_4&#8243; _builder_version=&#8221;4.25.0&#8243; _module_preset=&#8221;default&#8221; global_colors_info=&#8221;{}&#8221;][et_pb_post_title _builder_version=&#8221;4.25.0&#8243; _module_preset=&#8221;default&#8221; global_colors_info=&#8221;{}&#8221;][\/et_pb_post_title][et_pb_text _builder_version=&#8221;4.25.0&#8243; _module_preset=&#8221;default&#8221; global_colors_info=&#8221;{}&#8221;]<\/p>\n<h5><strong>Osnovna \u0161kola Milna dana 30. o\u017eujka 2026. g. objavljuje sljede\u0107e natje\u010daje:<\/strong><\/h5>\n<p><a href=\"https:\/\/os-milna.skole.hr\/wp-content\/uploads\/sites\/2075\/2026\/03\/Natjecaj-Operativni-djelatnik-za-sigurnost-i-civilnu-zastitu-OZUJAK-2026.pdf\" rel=\"attachment wp-att-296622\">Natje\u010daj &#8211; Operativni djelatnik za sigurnost i civilnu za\u0161titu &#8211; O\u017dUJAK -2026<\/a>.<\/p>\n<p>[\/et_pb_text][et_pb_text _builder_version=&#8221;4.25.0&#8243; _module_preset=&#8221;default&#8221; custom_margin=&#8221;-32px|||||&#8221; global_colors_info=&#8221;{}&#8221;]<\/p>\n<p><a href=\"https:\/\/os-milna.skole.hr\/wp-content\/uploads\/sites\/2075\/2026\/03\/Natjecaj-Strucni-suradnik-edu.-reh-OZUJAK-2026.pdf\" rel=\"attachment wp-att-296619\">Natje\u010daj &#8211; Stru\u010dni suradnik edukacijski rehabilitator &#8211; O\u017dUJAK -2026.<\/a><\/p>\n<p>[\/et_pb_text][et_pb_text _builder_version=&#8221;4.25.0&#8243; _module_preset=&#8221;default&#8221; custom_margin=&#8221;-32px|||||&#8221; custom_padding=&#8221;2px|||||&#8221; global_colors_info=&#8221;{}&#8221;]<\/p>\n<p><a href=\"https:\/\/os-milna.skole.hr\/wp-content\/uploads\/sites\/2075\/2026\/03\/Natjecaj-Ucitelj_ica-fizike-OZUJAK-2026.pdf\" rel=\"attachment wp-att-296616\">Natje\u010daj &#8211; U\u010ditelj\/ica fizike &#8211; O\u017dUJAK -2026.<\/a><\/p>\n<p>[\/et_pb_text][et_pb_text _builder_version=&#8221;4.25.0&#8243; _module_preset=&#8221;default&#8221; custom_margin=&#8221;-29px|||||&#8221; custom_padding=&#8221;||0px|||&#8221; global_colors_info=&#8221;{}&#8221;]<\/p>\n<p><a href=\"https:\/\/os-milna.skole.hr\/wp-content\/uploads\/sites\/2075\/2026\/03\/Natjecaj-Ucitelj_ica-teh.-kulture-OZUJAK-2026.pdf\" rel=\"attachment wp-att-296607\">Natje\u010daj &#8211; U\u010ditelj\/ica tehni\u010dke kulture &#8211; O\u017dUJAK -2026<\/a>.<\/p>\n<p>[\/et_pb_text][et_pb_text _builder_version=&#8221;4.25.0&#8243; _module_preset=&#8221;default&#8221; custom_margin=&#8221;-27px|||||&#8221; custom_padding=&#8221;38px||1px|||&#8221; hover_enabled=&#8221;0&#8243; global_colors_info=&#8221;{}&#8221; sticky_enabled=&#8221;0&#8243;]<\/p>\n<h5><strong>Osnovna \u0161kola Milna dana 30. listopada 2025. g. objavljuje sljede\u0107i natje\u010daj:<\/strong><\/h5>\n<p><a href=\"https:\/\/os-milna.skole.hr\/wp-content\/uploads\/sites\/2075\/2025\/11\/Obavijest-o-izboru-kandidata-po-natjecaju-od-dana-30.-listopada-2025.pdf\" rel=\"attachment wp-att-296043\">Obavijest o izboru kandidata po natje\u010daju od dana 30. listopada 2025.<\/a><\/p>\n<p>[\/et_pb_text][et_pb_text _builder_version=&#8221;4.25.0&#8243; _module_preset=&#8221;default&#8221; min_height=&#8221;41.8px&#8221; custom_margin=&#8221;-30px||43px|||&#8221; custom_padding=&#8221;0px||6px|||&#8221; global_colors_info=&#8221;{}&#8221;]<\/p>\n<p><a href=\"https:\/\/os-milna.skole.hr\/wp-content\/uploads\/sites\/2075\/2025\/10\/Natjecaj-Strucni-suradnik-pedagog-LISTOPAD-30.-2025.pdf\" rel=\"attachment wp-att-295914\">Natje\u010daj &#8211; Stru\u010dni suradnik pedagog &#8211; 30. LISTOPADA 2025.<\/a><\/p>\n<p>[\/et_pb_text][et_pb_text _builder_version=&#8221;4.25.0&#8243; _module_preset=&#8221;default&#8221; custom_margin=&#8221;-55px|||||&#8221; custom_padding=&#8221;36px||9px|||&#8221; global_colors_info=&#8221;{}&#8221;]<\/p>\n<h5><strong>Osnovna \u0161kola Milna dana 10. listopada 2025. g. objavljuje sljede\u0107e natje\u010daje:<\/strong><\/h5>\n<p><a href=\"https:\/\/os-milna.skole.hr\/wp-content\/uploads\/sites\/2075\/2025\/11\/Obavijest-o-izboru-kandidata-po-natjecaju-od-dana-10.-listopada-2025.pdf\" rel=\"attachment wp-att-295983\">Obavijest o izboru kandidata po natje\u010daju od dana 10. listopada 2025.<\/a><\/p>\n<p>[\/et_pb_text][et_pb_text _builder_version=&#8221;4.25.0&#8243; _module_preset=&#8221;default&#8221; min_height=&#8221;260px&#8221; custom_margin=&#8221;-37px|||||&#8221; custom_padding=&#8221;0px|||||&#8221; global_colors_info=&#8221;{}&#8221;]<\/p>\n<h5><\/h5>\n<p><a href=\"https:\/\/os-milna.skole.hr\/wp-content\/uploads\/sites\/2075\/2025\/10\/Pozivnausmenotestiranje-Ucitelj_icafizike.pdf\" rel=\"attachment wp-att-295866\">Poziv na usmeno testiranje &#8211; U\u010ditelj\/ica fizike<\/a><\/p>\n<p><a href=\"https:\/\/os-milna.skole.hr\/wp-content\/uploads\/sites\/2075\/2025\/10\/Natjecaj-Ucitelj_icatal.jezika-LISTOPAD-2025.pdf\" rel=\"attachment wp-att-295731\">Natje\u010daj za u\u010ditelja\/icu talijanskog jezika<\/a><\/p>\n<p><a href=\"https:\/\/os-milna.skole.hr\/wp-content\/uploads\/sites\/2075\/2025\/10\/Natjecaj-Strucnisuradnikedu.reh-LISTOPAD-2025.pdf\" rel=\"attachment wp-att-295728\">Natje\u010daj za stru\u010dni suradnik edukacijski rehabilitator<\/a><\/p>\n<p><a href=\"https:\/\/os-milna.skole.hr\/wp-content\/uploads\/sites\/2075\/2025\/10\/Natjecaj-Ucitelj_icateh.kulture-LISTOPAD-2025.pdf\" rel=\"attachment wp-att-295725\">Natje\u010daj za u\u010ditelja\/icu tehni\u010dke kulture<\/a><\/p>\n<p><a href=\"https:\/\/os-milna.skole.hr\/wp-content\/uploads\/sites\/2075\/2025\/10\/Natjecaj-Ucitelj_icafizike-LISTOPAD-2025.pdf\" rel=\"attachment wp-att-295722\">Natje\u010daj za u\u010ditelja\/icu fizike<\/a><\/p>\n<p><a href=\"https:\/\/os-milna.skole.hr\/wp-content\/uploads\/sites\/2075\/2025\/10\/Natjecaj-Cistac_spremac20h-LISTOPAD-2025.pdf\" rel=\"attachment wp-att-295719\">Natje\u010daj za \u010dista\u010d\/sprema\u010d<\/a><\/p>\n<p>[\/et_pb_text][\/et_pb_column][\/et_pb_row][et_pb_row _builder_version=&#8221;4.25.0&#8243; _module_preset=&#8221;default&#8221; custom_padding=&#8221;23px|||||&#8221; global_colors_info=&#8221;{}&#8221;][et_pb_column type=&#8221;4_4&#8243; _builder_version=&#8221;4.25.0&#8243; _module_preset=&#8221;default&#8221; global_colors_info=&#8221;{}&#8221;][et_pb_text _builder_version=&#8221;4.25.0&#8243; _module_preset=&#8221;default&#8221; global_colors_info=&#8221;{}&#8221;]<\/p>\n<h6><strong>Natje\u010daji za posao<\/strong><\/h6>\n<p><a href=\"https:\/\/os-milna.skole.hr\/wp-content\/uploads\/sites\/2075\/2025\/01\/OBAVIJEST-O-IZBORU-KANDIDATA-PO-NATJECAJU-Cistac_spremac-23h.docx\">Natje\u010daj<\/a> za \u010dista\u010d\/sprema\u010d<\/p>\n<p><a href=\"https:\/\/os-milna.skole.hr\/wp-content\/uploads\/sites\/2075\/2025\/01\/Odlukaoobustavinatjecaja-Cistac_spremac20h.pdf\">Obustava<\/a> natje\u010daja \u010dista\u010d\/sprema\u010d<\/p>\n<p><a href=\"https:\/\/os-milna.skole.hr\/wp-content\/uploads\/sites\/2075\/2024\/12\/Natjecaj-Cistac_spremac23h-PROSINAC-2024.pdf\">Natje\u010daj <\/a>\u010dista\u010d sprema\u010d 20h<\/p>\n<p><a href=\"https:\/\/os-milna.skole.hr\/wp-content\/uploads\/sites\/2075\/2024\/12\/Natjecaj-Cistac_spremac20h-PROSINAC-2024.pdf\">Natje\u010daj<\/a> \u010dista\u010d sprema\u010d 20h<\/p>\n<p><a href=\"https:\/\/os-milna.skole.hr\/wp-content\/uploads\/sites\/2075\/2024\/11\/Za-stranicu-skole-OBAVIJEST-O-IZBORU-KANDIDATA-PO-NATJECAJU.docx\">Obavijest<\/a> o izboru kandidata po natje\u010daju &#8211; Stru\u010dni suradnik\/ca pedagog<\/p>\n<p>Poziv na <a href=\"https:\/\/os-milna.skole.hr\/wp-content\/uploads\/sites\/2075\/2024\/11\/4.Pozivnausmenotestiranje-pedagog-1.docx\">testiranje<\/a>&#8211; pedagog\/ica<\/p>\n<p><a href=\"https:\/\/os-milna.skole.hr\/wp-content\/uploads\/sites\/2075\/2024\/11\/Natjecaj-Strucnisuradnikpedagog-LISTOPAD2024.pdf\" style=\"font-size: 16px\">Natje\u010daj<\/a><span style=\"font-size: 16px\"> stru\u010dni suradnik \/ pedagog listopad 2024<\/span><\/p>\n<p><a href=\"https:\/\/os-milna.skole.hr\/wp-content\/uploads\/sites\/2075\/2024\/11\/6.-Za-stranicu-skole-OBAVIJEST-O-IZBORU-KANDIDATA-PO-NATJECAJU-1.docx\">Obavijest<\/a> o izboru kandidata za radno mjesto u\u010ditelj\/ica fizike i u\u010ditelj\/ica razredne nastave<\/p>\n<p>Poziv na <a href=\"https:\/\/os-milna.skole.hr\/wp-content\/uploads\/sites\/2075\/2024\/11\/Poziv-na-usmeno-testiranje-Ucitelj_ica-razredne-nastave.docx\">testiranje<\/a> &#8211; u\u010ditelj\/ica razredne nastave<\/p>\n<p><a href=\"https:\/\/os-milna.skole.hr\/wp-content\/uploads\/sites\/2075\/2024\/10\/Natjecaj-Ucitelj_icarazrednenastave-LISTOPAD-2024.pdf\" rel=\"attachment wp-att-293415\">Natje\u010daj+-+U\u010ditelj_ica+razredne+nastave+-+LISTOPAD+-2024<\/a><\/p>\n<p><a href=\"https:\/\/os-milna.skole.hr\/wp-content\/uploads\/sites\/2075\/2024\/11\/5.-Za-stranicu-skole-OBAVIJEST-O-IZBORU-KANDIDATA-PO-NATJECAJU.docx\">Obavijest<\/a> o izboru kandidata za radno mjesto knjizni\u010dar i edukacijsko rehabilitacijski edukator<\/p>\n<p><a href=\"https:\/\/os-milna.skole.hr\/wp-content\/uploads\/sites\/2075\/2024\/10\/Natjecaj-Ucitelj_icafizike-LISTOPAD-2024.pdf\" rel=\"attachment wp-att-293403\">Natjecaj-Ucitelj_icafizike-LISTOPAD-2024<\/a><\/p>\n<p>[\/et_pb_text][\/et_pb_column][\/et_pb_row][\/et_pb_section]<\/p>\n","protected":false},"excerpt":{"rendered":"<p>Osnovna \u0161kola Milna dana 30. o\u017eujka 2026. g. objavljuje sljede\u0107e natje\u010daje: Natje\u010daj &#8211; Operativni djelatnik za sigurnost i civilnu za\u0161titu &#8211; O\u017dUJAK -2026.Natje\u010daj &#8211; Stru\u010dni suradnik edukacijski rehabilitator &#8211; O\u017dUJAK -2026.Natje\u010daj &#8211; U\u010ditelj\/ica fizike &#8211; O\u017dUJAK -2026.Natje\u010daj &#8211; U\u010ditelj\/ica tehni\u010dke kulture &#8211; O\u017dUJAK -2026.Osnovna \u0161kola Milna dana 30. listopada 2025. g. objavljuje sljede\u0107i natje\u010daj: Obavijest [&hellip;]<\/p>\n","protected":false},"author":3350,"featured_media":0,"parent":0,"menu_order":0,"comment_status":"closed","ping_status":"closed","template":"","meta":{"_et_pb_use_builder":"on","_et_pb_old_content":"","_et_gb_content_width":"","footnotes":""},"class_list":["post-134","page","type-page","status-publish","hentry"],"_links":{"self":[{"href":"https:\/\/os-milna.skole.hr\/index.php?rest_route=\/wp\/v2\/pages\/134","targetHints":{"allow":["GET"]}}],"collection":[{"href":"https:\/\/os-milna.skole.hr\/index.php?rest_route=\/wp\/v2\/pages"}],"about":[{"href":"https:\/\/os-milna.skole.hr\/index.php?rest_route=\/wp\/v2\/types\/page"}],"author":[{"embeddable":true,"href":"https:\/\/os-milna.skole.hr\/index.php?rest_route=\/wp\/v2\/users\/3350"}],"replies":[{"embeddable":true,"href":"https:\/\/os-milna.skole.hr\/index.php?rest_route=%2Fwp%2Fv2%2Fcomments&post=134"}],"version-history":[{"count":24,"href":"https:\/\/os-milna.skole.hr\/index.php?rest_route=\/wp\/v2\/pages\/134\/revisions"}],"predecessor-version":[{"id":296646,"href":"https:\/\/os-milna.skole.hr\/index.php?rest_route=\/wp\/v2\/pages\/134\/revisions\/296646"}],"wp:attachment":[{"href":"https:\/\/os-milna.skole.hr\/index.php?rest_route=%2Fwp%2Fv2%2Fmedia&parent=134"}],"curies":[{"name":"wp","href":"https:\/\/api.w.org\/{rel}","templated":true}]}}