{"id":140,"date":"2023-07-28T22:11:34","date_gmt":"2023-07-28T20:11:34","guid":{"rendered":"https:\/\/os-milna.skole.hr\/?page_id=140"},"modified":"2025-12-19T11:26:44","modified_gmt":"2025-12-19T10:26:44","slug":"javni-pozivi","status":"publish","type":"page","link":"https:\/\/os-milna.skole.hr\/?page_id=140","title":{"rendered":"Javni pozivi"},"content":{"rendered":"<p>[et_pb_section fb_built=&#8221;1&#8243; _builder_version=&#8221;4.25.0&#8243; _module_preset=&#8221;default&#8221; global_colors_info=&#8221;{}&#8221;][et_pb_row _builder_version=&#8221;4.25.0&#8243; _module_preset=&#8221;default&#8221; global_colors_info=&#8221;{}&#8221;][et_pb_column type=&#8221;4_4&#8243; _builder_version=&#8221;4.25.0&#8243; _module_preset=&#8221;default&#8221; global_colors_info=&#8221;{}&#8221;][et_pb_text _builder_version=&#8221;4.25.0&#8243; _module_preset=&#8221;default&#8221; global_colors_info=&#8221;{}&#8221;]<\/p>\n<p><a href=\"https:\/\/os-milna.skole.hr\/wp-content\/uploads\/sites\/2075\/2025\/12\/Odabir-agencije-za-realizaciju-visednevne-izvanucionicke-nastave.docx\" rel=\"attachment wp-att-296250\">Odabir agencije za realizaciju vi\u0161ednevne izvanu\u010dioni\u010dke nastave<\/a><\/p>\n<p>[\/et_pb_text][et_pb_text _builder_version=&#8221;4.25.0&#8243; _module_preset=&#8221;default&#8221; global_colors_info=&#8221;{}&#8221;]<\/p>\n<p><a href=\"https:\/\/os-milna.skole.hr\/wp-content\/uploads\/sites\/2075\/2025\/12\/Odabir-ponuda-za-organizaciju-visednevne-izvanucionicke-nastave.pdf\" rel=\"attachment wp-att-296202\">Odabir ponuda za organizaciju vi\u0161ednevne izvanu\u010dioni\u010dke nastave- GORSKI KOTAR o\u017eujak 2026.<\/a><\/p>\n<p>[\/et_pb_text][et_pb_text _builder_version=&#8221;4.25.0&#8243; _module_preset=&#8221;default&#8221; custom_padding=&#8221;||0px|||&#8221; global_colors_info=&#8221;{}&#8221;]<\/p>\n<p><a href=\"https:\/\/os-milna.skole.hr\/wp-content\/uploads\/sites\/2075\/2025\/11\/OBRAZAC-POZIVA-ZA-ORGANIZACIJU-VISEDNEVNE-IZVANUCIONICKE-NASTAVE-SKOLA-U-PRIRODI.pdf\" rel=\"attachment wp-att-296070\">OBRAZAC POZIVA ZA ORGANIZACIJU VI\u0160EDNEVNE IZVANU\u010cIONI\u010cKE NASTAVE &#8211; \u0160KOLA U PRIRODI<\/a><\/p>\n<p>[\/et_pb_text][et_pb_text _builder_version=&#8221;4.25.0&#8243; _module_preset=&#8221;default&#8221; global_colors_info=&#8221;{}&#8221;]<\/p>\n<p><a href=\"https:\/\/os-milna.skole.hr\/wp-content\/uploads\/sites\/2075\/2025\/04\/Obavijest-o-odabranoj-agenciji-za-realizaciju-skolske-ekskurzije.docx\" rel=\"attachment wp-att-295311\">Obavijest o odabranoj agenciji za realizaciju \u0161kolske ekskurzije<\/a><\/p>\n<p>[\/et_pb_text][et_pb_text _builder_version=&#8221;4.25.0&#8243; _module_preset=&#8221;default&#8221; global_colors_info=&#8221;{}&#8221;]<\/p>\n<p><a href=\"https:\/\/os-milna.skole.hr\/wp-content\/uploads\/sites\/2075\/2025\/04\/Javni-poziv-visednevna-izvanucionicna-nastava-Istra.docx\" rel=\"attachment wp-att-295233\">Javni poziv vi\u0161ednevna izvanu\u010dioni\u010dna nastava &#8211; Istra<\/a><\/p>\n<p>[\/et_pb_text][et_pb_text _builder_version=&#8221;4.25.0&#8243; _module_preset=&#8221;default&#8221; global_colors_info=&#8221;{}&#8221;]<\/p>\n<p><a href=\"https:\/\/os-milna.skole.hr\/wp-content\/uploads\/sites\/2075\/2025\/04\/OBRAZAC-POZIVA-ZA-ORGANIZACIJU-VISEDNEVNE-IZVANUCIONICKE-NASTAVE-Istra.docx\" rel=\"attachment wp-att-294756\">OBRAZAC POZIVA ZA ORGANIZACIJU VI\u0160EDNEVNE IZVANU\u010cIONI\u010cKE NASTAVE &#8211; Istra<\/a><\/p>\n<p>[\/et_pb_text][et_pb_text _builder_version=&#8221;4.25.0&#8243; _module_preset=&#8221;default&#8221; global_colors_info=&#8221;{}&#8221;]<\/p>\n<p><a href=\"https:\/\/os-milna.skole.hr\/wp-content\/uploads\/sites\/2075\/2025\/03\/Obavijest-o-izboru-agencije-Gardaland.docx\" rel=\"attachment wp-att-294621\">Obavijest-o-izboru-agencije Gardaland<\/a><\/p>\n<p>[\/et_pb_text][et_pb_text _builder_version=&#8221;4.25.0&#8243; _module_preset=&#8221;default&#8221; global_colors_info=&#8221;{}&#8221;]<\/p>\n<div dir=\"ltr\">\n<div>\n<div>\n<p><span style=\"color: #888888;font-size: 16px\"><a href=\"https:\/\/os-milna.skole.hr\/wp-content\/uploads\/sites\/2075\/2025\/02\/odabir-ponuda-Gardaland.docx\" rel=\"attachment wp-att-294483\">Odabir ponuda za organizaciju vi\u0161ednevne terenske nastave Gardaland<\/a>\u00a0<\/span><\/p>\n<\/div>\n<\/div>\n<\/div>\n<p>[\/et_pb_text][et_pb_text _builder_version=&#8221;4.25.0&#8243; _module_preset=&#8221;default&#8221; global_colors_info=&#8221;{}&#8221;]<\/p>\n<p><a href=\"https:\/\/os-milna.skole.hr\/wp-content\/uploads\/sites\/2075\/2025\/01\/OBRAZAC-POZIVA-ZA-ORGANIZACIJU-VISEDNEVNE-IZVANUCIONICKE-NASTAVE-gardeland.docx\" rel=\"attachment wp-att-294399\">OBRAZAC POZIVA ZA ORGANIZACIJU VI\u0160EDNEVNE IZVANU\u010cIONI\u010cKE NASTAVE gardeland<\/a><\/p>\n<p>[\/et_pb_text][\/et_pb_column][\/et_pb_row][et_pb_row _builder_version=&#8221;4.25.0&#8243; _module_preset=&#8221;default&#8221; custom_margin=&#8221;6px|auto||auto||&#8221; custom_padding=&#8221;0px||0px|||&#8221; global_colors_info=&#8221;{}&#8221;][et_pb_column type=&#8221;4_4&#8243; _builder_version=&#8221;4.25.0&#8243; _module_preset=&#8221;default&#8221; global_colors_info=&#8221;{}&#8221;][et_pb_text _builder_version=&#8221;4.25.0&#8243; _module_preset=&#8221;default&#8221; custom_padding=&#8221;||3px|||&#8221; global_colors_info=&#8221;{}&#8221;]<\/p>\n<p><a href=\"https:\/\/os-milna.skole.hr\/wp-content\/uploads\/sites\/2075\/2024\/12\/SUP-Odabir-ponuda-za-organizaciju-visednevne-izvanucionicke-nastave.docx\" rel=\"attachment wp-att-294291\">\u0160UP Odabir ponuda za organizaciju vi\u0161ednevne izvanu\u010dioni\u010dke nastave<\/a><\/p>\n<p>[\/et_pb_text][\/et_pb_column][\/et_pb_row][et_pb_row _builder_version=&#8221;4.25.0&#8243; _module_preset=&#8221;default&#8221; custom_margin=&#8221;-6px|auto||auto||&#8221; global_colors_info=&#8221;{}&#8221;][et_pb_column type=&#8221;4_4&#8243; _builder_version=&#8221;4.25.0&#8243; _module_preset=&#8221;default&#8221; global_colors_info=&#8221;{}&#8221;][et_pb_text _builder_version=&#8221;4.25.0&#8243; _module_preset=&#8221;default&#8221; global_colors_info=&#8221;{}&#8221;]<\/p>\n<p><a href=\"https:\/\/os-milna.skole.hr\/wp-content\/uploads\/sites\/2075\/2024\/12\/SUP-2025-OBRAZAC-POZIVA-ZA-ORGANIZACIJU-VISEDNEVNE-IZVANUCIONICKE-NASTAVE-1.pdf\" rel=\"attachment wp-att-294153\">\u0160UP 2025-OBRAZAC POZIVA ZA ORGANIZACIJU VI\u0160EDNEVNE IZVANU\u010cIONI\u010cKE NASTAVE (1)<\/a><\/p>\n<p>[\/et_pb_text][\/et_pb_column][\/et_pb_row][\/et_pb_section]<\/p>\n","protected":false},"excerpt":{"rendered":"<p>Odabir agencije za realizaciju vi\u0161ednevne izvanu\u010dioni\u010dke nastaveOdabir ponuda za organizaciju vi\u0161ednevne izvanu\u010dioni\u010dke nastave- GORSKI KOTAR o\u017eujak 2026.OBRAZAC POZIVA ZA ORGANIZACIJU VI\u0160EDNEVNE IZVANU\u010cIONI\u010cKE NASTAVE &#8211; \u0160KOLA U PRIRODIObavijest o odabranoj agenciji za realizaciju \u0161kolske ekskurzijeJavni poziv vi\u0161ednevna izvanu\u010dioni\u010dna nastava &#8211; IstraOBRAZAC POZIVA ZA ORGANIZACIJU VI\u0160EDNEVNE IZVANU\u010cIONI\u010cKE NASTAVE &#8211; IstraObavijest-o-izboru-agencije Gardaland Odabir ponuda za organizaciju vi\u0161ednevne terenske [&hellip;]<\/p>\n","protected":false},"author":0,"featured_media":0,"parent":0,"menu_order":0,"comment_status":"closed","ping_status":"closed","template":"","meta":{"_et_pb_use_builder":"on","_et_pb_old_content":"","_et_gb_content_width":"","footnotes":""},"class_list":["post-140","page","type-page","status-publish","hentry"],"_links":{"self":[{"href":"https:\/\/os-milna.skole.hr\/index.php?rest_route=\/wp\/v2\/pages\/140","targetHints":{"allow":["GET"]}}],"collection":[{"href":"https:\/\/os-milna.skole.hr\/index.php?rest_route=\/wp\/v2\/pages"}],"about":[{"href":"https:\/\/os-milna.skole.hr\/index.php?rest_route=\/wp\/v2\/types\/page"}],"replies":[{"embeddable":true,"href":"https:\/\/os-milna.skole.hr\/index.php?rest_route=%2Fwp%2Fv2%2Fcomments&post=140"}],"version-history":[{"count":17,"href":"https:\/\/os-milna.skole.hr\/index.php?rest_route=\/wp\/v2\/pages\/140\/revisions"}],"predecessor-version":[{"id":296259,"href":"https:\/\/os-milna.skole.hr\/index.php?rest_route=\/wp\/v2\/pages\/140\/revisions\/296259"}],"wp:attachment":[{"href":"https:\/\/os-milna.skole.hr\/index.php?rest_route=%2Fwp%2Fv2%2Fmedia&parent=140"}],"curies":[{"name":"wp","href":"https:\/\/api.w.org\/{rel}","templated":true}]}}