{"id":293025,"date":"2024-09-04T08:17:07","date_gmt":"2024-09-04T06:17:07","guid":{"rendered":"https:\/\/os-milna.skole.hr\/?page_id=293025"},"modified":"2026-02-25T08:39:20","modified_gmt":"2026-02-25T07:39:20","slug":"financijski-plan-i-izvjestaji","status":"publish","type":"page","link":"https:\/\/os-milna.skole.hr\/?page_id=293025","title":{"rendered":"Financijski plan i izvje\u0161taji"},"content":{"rendered":"<p>[et_pb_section fb_built=&#8221;1&#8243; _builder_version=&#8221;4.25.0&#8243; _module_preset=&#8221;default&#8221; global_colors_info=&#8221;{}&#8221;][et_pb_row _builder_version=&#8221;4.25.0&#8243; _module_preset=&#8221;default&#8221;][et_pb_column _builder_version=&#8221;4.25.0&#8243; _module_preset=&#8221;default&#8221; type=&#8221;4_4&#8243;][et_pb_text _builder_version=&#8221;4.25.0&#8243; _module_preset=&#8221;default&#8221; hover_enabled=&#8221;0&#8243; sticky_enabled=&#8221;0&#8243; text_font=&#8221;Arial||||||||&#8221; custom_padding=&#8221;||0px|||&#8221; text_text_color=&#8221;#000000&#8243; text_font_size=&#8221;17px&#8221;]<\/p>\n<p>Financijsko izvje\u0161\u0107e za 2025. za O\u0160 Milna<\/p>\n<p>[\/et_pb_text][\/et_pb_column][\/et_pb_row][et_pb_row _builder_version=&#8221;4.25.0&#8243; _module_preset=&#8221;default&#8221; custom_margin=&#8221;-50px|auto||auto||&#8221;][et_pb_column _builder_version=&#8221;4.25.0&#8243; _module_preset=&#8221;default&#8221; type=&#8221;4_4&#8243;][et_pb_text _builder_version=&#8221;4.25.0&#8243; _module_preset=&#8221;default&#8221; hover_enabled=&#8221;0&#8243; sticky_enabled=&#8221;0&#8243; text_font=&#8221;Arial|500|||||||&#8221; text_font_size=&#8221;15px&#8221;]<\/p>\n<p><a href=\"https:\/\/os-milna.skole.hr\/wp-content\/uploads\/sites\/2075\/2026\/02\/FINA_obrazac20251231-OS-Milna-predaja-.xlsx\" rel=\"attachment wp-att-296448\">FINA_obrazac20251231 O\u0160 Milna predaja<\/a><\/p>\n<p>[\/et_pb_text][\/et_pb_column][\/et_pb_row][et_pb_row _builder_version=&#8221;4.25.0&#8243; _module_preset=&#8221;default&#8221; custom_margin=&#8221;-53px|auto||auto||&#8221;][et_pb_column _builder_version=&#8221;4.25.0&#8243; _module_preset=&#8221;default&#8221; type=&#8221;4_4&#8243;][et_pb_text _builder_version=&#8221;4.25.0&#8243; _module_preset=&#8221;default&#8221; hover_enabled=&#8221;0&#8243; sticky_enabled=&#8221;0&#8243; text_font=&#8221;Arial|500|||||||&#8221; text_font_size=&#8221;15px&#8221;]<\/p>\n<p><a href=\"https:\/\/os-milna.skole.hr\/wp-content\/uploads\/sites\/2075\/2026\/02\/Obrazlozenje-GFI-01.01.-31.12.2025.-OS-MILNA.docx\" rel=\"attachment wp-att-296451\">Obrazlo\u017eenje GFI 01.01.-31.12.2025. O\u0160 MILNA<\/a><\/p>\n<p>[\/et_pb_text][\/et_pb_column][\/et_pb_row][et_pb_row _builder_version=&#8221;4.25.0&#8243; _module_preset=&#8221;default&#8221; custom_padding=&#8221;0px|||||&#8221; custom_margin=&#8221;-37px|auto||auto||&#8221;][et_pb_column _builder_version=&#8221;4.25.0&#8243; _module_preset=&#8221;default&#8221; type=&#8221;4_4&#8243;][et_pb_text _builder_version=&#8221;4.25.0&#8243; _module_preset=&#8221;default&#8221; hover_enabled=&#8221;0&#8243; sticky_enabled=&#8221;0&#8243; text_font=&#8221;Arial|500|||||||&#8221; text_font_size=&#8221;15px&#8221;]<\/p>\n<p><a href=\"https:\/\/os-milna.skole.hr\/wp-content\/uploads\/sites\/2075\/2026\/02\/Prilog-3_-Posebni-izvjestaji-1.xlsx-OS-MILNA.xlsx\" rel=\"attachment wp-att-296454\">Prilog 3_ Posebni izvje\u0161taji (1).xlsx O\u0160 MILNA<\/a><\/p>\n<p>[\/et_pb_text][\/et_pb_column][\/et_pb_row][et_pb_row _builder_version=&#8221;4.25.0&#8243; _module_preset=&#8221;default&#8221; custom_padding=&#8221;28px|||||&#8221; custom_margin=&#8221;-51px|auto||auto||&#8221;][et_pb_column _builder_version=&#8221;4.25.0&#8243; _module_preset=&#8221;default&#8221; type=&#8221;4_4&#8243;][et_pb_text _builder_version=&#8221;4.25.0&#8243; _module_preset=&#8221;default&#8221; hover_enabled=&#8221;0&#8243; sticky_enabled=&#8221;0&#8243; text_font=&#8221;Arial|500|||||||&#8221; text_font_size=&#8221;15px&#8221; custom_margin=&#8221;-4px|||||&#8221;]<\/p>\n<p><a href=\"https:\/\/os-milna.skole.hr\/wp-content\/uploads\/sites\/2075\/2026\/02\/Referentna-stranica-OS-Milna-2025.pdf\" rel=\"attachment wp-att-296457\">Referentna stranica O\u0160 Milna 2025<\/a>.<\/p>\n<p>[\/et_pb_text][\/et_pb_column][\/et_pb_row][et_pb_row _builder_version=&#8221;4.25.0&#8243; _module_preset=&#8221;default&#8221; hover_enabled=&#8221;0&#8243; sticky_enabled=&#8221;0&#8243; custom_padding=&#8221;23px||25px|||&#8221; custom_margin=&#8221;|auto|25px|auto||&#8221;][et_pb_column _builder_version=&#8221;4.25.0&#8243; _module_preset=&#8221;default&#8221; type=&#8221;4_4&#8243;][et_pb_text _builder_version=&#8221;4.25.0&#8243; _module_preset=&#8221;default&#8221; hover_enabled=&#8221;0&#8243; sticky_enabled=&#8221;0&#8243; custom_margin=&#8221;-53px|||||&#8221; text_font=&#8221;Arial|500|||||||&#8221; text_font_size=&#8221;15px&#8221;]<\/p>\n<p><a href=\"https:\/\/os-milna.skole.hr\/wp-content\/uploads\/sites\/2075\/2026\/02\/Biljeske-uz-financijske-izvjestaje-razine-31-za-I-XII-2025.docx\" rel=\"attachment wp-att-296460\">Bilje\u0161ke uz financijske izvje\u0161taje razine 31 za I &#8211; XII 2025<\/a>.<\/p>\n<p>[\/et_pb_text][\/et_pb_column][\/et_pb_row][et_pb_row _builder_version=&#8221;4.25.0&#8243; _module_preset=&#8221;default&#8221; width=&#8221;77.1%&#8221; global_colors_info=&#8221;{}&#8221;][et_pb_column type=&#8221;4_4&#8243; _builder_version=&#8221;4.25.0&#8243; _module_preset=&#8221;default&#8221; global_colors_info=&#8221;{}&#8221;][et_pb_blurb title=&#8221;Financijsko izvje\u0161\u0107e za 2024. za O\u0160 Milna&#8221; _builder_version=&#8221;4.25.0&#8243; _module_preset=&#8221;default&#8221; hover_enabled=&#8221;0&#8243; global_colors_info=&#8221;{}&#8221; header_font=&#8221;Arial||||||||&#8221; header_text_color=&#8221;#000000&#8243; header_font_size=&#8221;16px&#8221; sticky_enabled=&#8221;0&#8243; custom_margin=&#8221;-40px|||||&#8221;]<\/p>\n<p><a href=\"https:\/\/os-milna.skole.hr\/wp-content\/uploads\/sites\/2075\/2025\/02\/FINA_obrazac20241231-31.01.2024.-konacna-verzija-Milna.xlsx\" rel=\"attachment wp-att-294414\">FINA_obrazac20241231 31.01.2024. kona\u010dna verzija Milna<\/a><\/p>\n<p><a href=\"https:\/\/os-milna.skole.hr\/wp-content\/uploads\/sites\/2075\/2025\/02\/Referentna-stranica-OS-Milna-01.01.-31.12.2024.pdf\" rel=\"attachment wp-att-294417\">Referentna stranica O\u0160 Milna 01.01.-31.12.2024<\/a><\/p>\n<p><a href=\"https:\/\/os-milna.skole.hr\/wp-content\/uploads\/sites\/2075\/2025\/02\/Biljeske-za-financijski-izvjestaj-od-01.01.2024.-31.12.2024.-Milna.docx\" rel=\"attachment wp-att-294420\">Bilje\u0161ke za financijski izvje\u0161taj od 01.01.2024.-31.12.2024. Milna<\/a><\/p>\n<p>[\/et_pb_blurb][et_pb_text _builder_version=&#8221;4.25.0&#8243; _module_preset=&#8221;default&#8221; global_colors_info=&#8221;{}&#8221;]<\/p>\n<p><a href=\"https:\/\/os-milna.skole.hr\/wp-content\/uploads\/sites\/2075\/2025\/01\/II.-Izmjene-i-dopune-Proracuna-za-2024.-Rebalans-2.pdf\" rel=\"attachment wp-att-294339\">II. Izmjene i dopune Prora\u010duna za 2024. &#8211; (Rebalans 2.)<\/a><\/p>\n<p><a href=\"https:\/\/os-milna.skole.hr\/wp-content\/uploads\/sites\/2075\/2025\/01\/Obrazlozenje-plana-od-2025.-2027.-godine-OS-Milna.docx\" rel=\"attachment wp-att-294336\">Obrazlo\u017eenje plana od 2025.-2027. godine O\u0160 Milna<\/a><\/p>\n<p><a href=\"https:\/\/os-milna.skole.hr\/wp-content\/uploads\/sites\/2075\/2025\/01\/PRIJEDLOG-PLANA-PRORACUNA-USPOREDNO-ZA-TRI-GODINE-2025.-2027.pdf\" rel=\"attachment wp-att-294333\">PRIJEDLOG PLANA PRORA\u010cUNA USPOREDNO ZA TRI GODINE (2025.-2027.)<\/a><\/p>\n<p><a href=\"https:\/\/os-milna.skole.hr\/wp-content\/uploads\/sites\/2075\/2025\/01\/Rebalans-proracuna-2.-OS-Milna-28.11.2024.docx\" rel=\"attachment wp-att-294330\">Rebalans prora\u010duna 2. O\u0160 Milna 28.11.2024.<\/a><\/p>\n<p>[\/et_pb_text][\/et_pb_column][\/et_pb_row][et_pb_row _builder_version=&#8221;4.25.0&#8243; _module_preset=&#8221;default&#8221; custom_margin=&#8221;|auto|21px|auto||&#8221; global_colors_info=&#8221;{}&#8221;][et_pb_column type=&#8221;4_4&#8243; _builder_version=&#8221;4.25.0&#8243; _module_preset=&#8221;default&#8221; global_colors_info=&#8221;{}&#8221;][et_pb_text _builder_version=&#8221;4.25.0&#8243; _module_preset=&#8221;default&#8221; min_height=&#8221;73.8px&#8221; custom_margin=&#8221;||-40px|||&#8221; custom_padding=&#8221;||47px|||&#8221; global_colors_info=&#8221;{}&#8221;]<\/p>\n<p><a href=\"https:\/\/os-milna.skole.hr\/wp-content\/uploads\/sites\/2075\/2024\/10\/Javna_objava_informacija_o_proracunskoj_potrosnji_-_Kolovoz_2024_OS_Milna.pdf\" rel=\"attachment wp-att-293481\">Javna_objava_informacija_o_proracunskoj_potrosnji_-_Kolovoz_2024_OS_Milna<\/a><\/p>\n<p>[\/et_pb_text][et_pb_text _builder_version=&#8221;4.25.0&#8243; _module_preset=&#8221;default&#8221; custom_margin=&#8221;||17px|||&#8221; custom_padding=&#8221;20px||0px|||&#8221; global_colors_info=&#8221;{}&#8221;]<\/p>\n<p><a href=\"https:\/\/os-milna.skole.hr\/wp-content\/uploads\/sites\/2075\/2024\/10\/Javna-objava-informacija-o-proracunskoj-potrosnji-Rujan-2024-OS-Milna.xlsx-PDF-1.pdf\" rel=\"attachment wp-att-293475\">Javna objava informacija o prora\u010dunskoj potro\u0161nji &#8211; Rujan 2024 O\u0160 Milna..xlsx PDF<\/a><\/p>\n<p>[\/et_pb_text][et_pb_text _builder_version=&#8221;4.25.0&#8243; _module_preset=&#8221;default&#8221; global_colors_info=&#8221;{}&#8221;]<\/p>\n<p><a href=\"https:\/\/os-milna.skole.hr\/wp-content\/uploads\/sites\/2075\/2025\/04\/Javna-objava-informacija-o-potrosnji-za-mjesec-listopad-2024.pdf\" rel=\"attachment wp-att-295152\">Javna objava informacija o potro\u0161nji za mjesec listopad 2024<\/a><\/p>\n<p>[\/et_pb_text][et_pb_text _builder_version=&#8221;4.25.0&#8243; _module_preset=&#8221;default&#8221; global_colors_info=&#8221;{}&#8221;]<\/p>\n<p><a href=\"https:\/\/os-milna.skole.hr\/wp-content\/uploads\/sites\/2075\/2025\/04\/Javna-objava-informacija-o-potrosnji-za-mjesec-studeni-2024.pdf\" rel=\"attachment wp-att-295155\">Javna objava informacija o potro\u0161nji za mjesec studeni 2024<\/a><\/p>\n<p>[\/et_pb_text][et_pb_text _builder_version=&#8221;4.25.0&#8243; _module_preset=&#8221;default&#8221; global_colors_info=&#8221;{}&#8221;]<\/p>\n<p><a href=\"https:\/\/os-milna.skole.hr\/wp-content\/uploads\/sites\/2075\/2025\/04\/Javna-objava-informacija-o-potrosnji-za-mjesec-prosinac-2024.pdf\" rel=\"attachment wp-att-295158\">Javna objava informacija o potro\u0161nji za mjesec prosinac 2024<\/a><\/p>\n<p>[\/et_pb_text][\/et_pb_column][\/et_pb_row][et_pb_row _builder_version=&#8221;4.25.0&#8243; _module_preset=&#8221;default&#8221; global_colors_info=&#8221;{}&#8221;][et_pb_column type=&#8221;4_4&#8243; _builder_version=&#8221;4.25.0&#8243; _module_preset=&#8221;default&#8221; global_colors_info=&#8221;{}&#8221;][et_pb_text _builder_version=&#8221;4.25.0&#8243; _module_preset=&#8221;default&#8221; global_colors_info=&#8221;{}&#8221;]<\/p>\n<p><a href=\"https:\/\/os-milna.skole.hr\/wp-content\/uploads\/sites\/2075\/2025\/04\/Javna-objava-informacija-o-proracunskoj-potrosnji-za-sijecanj-2025.pdf\" rel=\"attachment wp-att-295338\">Javna objava informacija o prora\u010dunskoj potro\u0161nji za sije\u010danj 2025<\/a><\/p>\n<p><a href=\"https:\/\/os-milna.skole.hr\/wp-content\/uploads\/sites\/2075\/2025\/04\/Javna-objava-informacija-o-proracunskoj-potrosnji-za-veljacu-2025.pdf\" rel=\"attachment wp-att-295335\">Javna objava informacija o prora\u010dunskoj potro\u0161nji za velja\u010du 2025<\/a><\/p>\n<p><a href=\"https:\/\/os-milna.skole.hr\/wp-content\/uploads\/sites\/2075\/2025\/04\/Javna-objava-infromacija-o-proracunskoj-potrosnji-za-ozujak-2025.pdf\" rel=\"attachment wp-att-295332\">Javna objava infromacija o prora\u010dunskoj potro\u0161nji za o\u017eujak 2025<\/a><\/p>\n<p>[\/et_pb_text][\/et_pb_column][\/et_pb_row][\/et_pb_section]<\/p>\n","protected":false},"excerpt":{"rendered":"<p>Financijsko izvje\u0161\u0107e za 2025. za O\u0160 MilnaFINA_obrazac20251231 O\u0160 Milna predajaObrazlo\u017eenje GFI 01.01.-31.12.2025. O\u0160 MILNAPrilog 3_ Posebni izvje\u0161taji (1).xlsx O\u0160 MILNAReferentna stranica O\u0160 Milna 2025.Bilje\u0161ke uz financijske izvje\u0161taje razine 31 za I &#8211; XII 2025.FINA_obrazac20241231 31.01.2024. kona\u010dna verzija Milna Referentna stranica O\u0160 Milna 01.01.-31.12.2024 Bilje\u0161ke za financijski izvje\u0161taj od 01.01.2024.-31.12.2024. MilnaII. Izmjene i dopune Prora\u010duna za [&hellip;]<\/p>\n","protected":false},"author":3350,"featured_media":0,"parent":20,"menu_order":4,"comment_status":"closed","ping_status":"closed","template":"","meta":{"_et_pb_use_builder":"on","_et_pb_old_content":"","_et_gb_content_width":"","footnotes":""},"class_list":["post-293025","page","type-page","status-publish","hentry"],"_links":{"self":[{"href":"https:\/\/os-milna.skole.hr\/index.php?rest_route=\/wp\/v2\/pages\/293025","targetHints":{"allow":["GET"]}}],"collection":[{"href":"https:\/\/os-milna.skole.hr\/index.php?rest_route=\/wp\/v2\/pages"}],"about":[{"href":"https:\/\/os-milna.skole.hr\/index.php?rest_route=\/wp\/v2\/types\/page"}],"author":[{"embeddable":true,"href":"https:\/\/os-milna.skole.hr\/index.php?rest_route=\/wp\/v2\/users\/3350"}],"replies":[{"embeddable":true,"href":"https:\/\/os-milna.skole.hr\/index.php?rest_route=%2Fwp%2Fv2%2Fcomments&post=293025"}],"version-history":[{"count":11,"href":"https:\/\/os-milna.skole.hr\/index.php?rest_route=\/wp\/v2\/pages\/293025\/revisions"}],"predecessor-version":[{"id":296463,"href":"https:\/\/os-milna.skole.hr\/index.php?rest_route=\/wp\/v2\/pages\/293025\/revisions\/296463"}],"up":[{"embeddable":true,"href":"https:\/\/os-milna.skole.hr\/index.php?rest_route=\/wp\/v2\/pages\/20"}],"wp:attachment":[{"href":"https:\/\/os-milna.skole.hr\/index.php?rest_route=%2Fwp%2Fv2%2Fmedia&parent=293025"}],"curies":[{"name":"wp","href":"https:\/\/api.w.org\/{rel}","templated":true}]}}