{"id":293067,"date":"2024-09-04T08:31:57","date_gmt":"2024-09-04T06:31:57","guid":{"rendered":"https:\/\/os-milna.skole.hr\/?page_id=293067"},"modified":"2024-11-05T12:43:40","modified_gmt":"2024-11-05T11:43:40","slug":"kutak-za-roditelje","status":"publish","type":"page","link":"https:\/\/os-milna.skole.hr\/?page_id=293067","title":{"rendered":"Kutak za roditelje"},"content":{"rendered":"<p>[et_pb_section fb_built=&#8221;1&#8243; _builder_version=&#8221;4.25.0&#8243; _module_preset=&#8221;default&#8221; global_colors_info=&#8221;{}&#8221;][et_pb_row _builder_version=&#8221;4.25.0&#8243; _module_preset=&#8221;default&#8221; global_colors_info=&#8221;{}&#8221;][et_pb_column type=&#8221;4_4&#8243; _builder_version=&#8221;4.25.0&#8243; _module_preset=&#8221;default&#8221; global_colors_info=&#8221;{}&#8221;][et_pb_text _builder_version=&#8221;4.25.0&#8243; _module_preset=&#8221;default&#8221; global_colors_info=&#8221;{}&#8221;]<\/p>\n<table>\n<tbody>\n<tr>\n<td width=\"124\">\n<p>Razredni odjel<\/p>\n<\/td>\n<td width=\"124\">\n<p>Razrednik<\/p>\n<\/td>\n<td width=\"124\">\n<p>Dan u tjednu<\/p>\n<\/td>\n<td width=\"124\">\n<p>\u0160kolski sat<\/p>\n<\/td>\n<\/tr>\n<tr>\n<td width=\"124\">\n<p>1.<\/p>\n<\/td>\n<td width=\"124\">\n<p>\u0110ana Marinovi\u0107<\/p>\n<\/td>\n<td width=\"124\">\n<p>\u010detvrtak<\/p>\n<\/td>\n<td width=\"124\">\n<p>3.sat<\/p>\n<p>&nbsp;<\/p>\n<\/td>\n<\/tr>\n<tr>\n<td width=\"124\">\n<p>2.<\/p>\n<\/td>\n<td width=\"124\">\n<p>Niko Vujanovi\u0107<\/p>\n<p>&nbsp;<\/p>\n<\/td>\n<td width=\"124\">\n<p>srijeda<\/p>\n<p>&nbsp;<\/p>\n<\/td>\n<td width=\"124\">\n<p>4.sat<\/p>\n<\/td>\n<\/tr>\n<tr>\n<td width=\"124\">\n<p>3.<\/p>\n<\/td>\n<td width=\"124\">\n<p>Ivana Bari\u0107<\/p>\n<p>&nbsp;<\/p>\n<\/td>\n<td width=\"124\">\n<p>utorak<\/p>\n<p>&nbsp;<\/p>\n<\/td>\n<td width=\"124\">\n<p>2.sat<\/p>\n<\/td>\n<\/tr>\n<tr>\n<td width=\"124\">\n<p>4.<\/p>\n<\/td>\n<td width=\"124\">\n<p>Kate Paji\u0107<\/p>\n<\/td>\n<td width=\"124\">\n<p>utorak<\/p>\n<\/td>\n<td width=\"124\">\n<p>3. sat<\/p>\n<p>&nbsp;<\/p>\n<\/td>\n<\/tr>\n<tr>\n<td width=\"124\">\n<p>5.<\/p>\n<\/td>\n<td width=\"124\">\n<p>Keti Papi\u0107<\/p>\n<\/td>\n<td width=\"124\">\n<p>ponedjeljak<\/p>\n<p>&nbsp;<\/p>\n<\/td>\n<td width=\"124\">\n<p>5.sat<\/p>\n<\/td>\n<\/tr>\n<tr>\n<td width=\"124\">\n<p>6.<\/p>\n<\/td>\n<td width=\"124\">\n<p>Marija Tomi\u010di\u0107<\/p>\n<\/td>\n<td width=\"124\">\n<p>petak<\/p>\n<\/td>\n<td width=\"124\">\n<p>3.sat<\/p>\n<p>&nbsp;<\/p>\n<\/td>\n<\/tr>\n<tr>\n<td width=\"124\">\n<p>7.<\/p>\n<\/td>\n<td width=\"124\">\n<p>Kristina Novakovi\u0107<\/p>\n<\/td>\n<td width=\"124\">\n<p>ponedjeljak<\/p>\n<\/td>\n<td width=\"124\">\n<p>3.sat<\/p>\n<\/td>\n<\/tr>\n<tr>\n<td width=\"124\">\n<p>8.<\/p>\n<\/td>\n<td width=\"124\">\n<p>Mirna Pavi\u0161i\u0107<\/p>\n<\/td>\n<td width=\"124\">\n<p>\u010detvrtak<\/p>\n<\/td>\n<td width=\"124\">\n<p>3.sat<\/p>\n<p>&nbsp;<\/p>\n<\/td>\n<\/tr>\n<\/tbody>\n<\/table>\n<p>[\/et_pb_text][\/et_pb_column][\/et_pb_row][et_pb_row _builder_version=&#8221;4.25.0&#8243; _module_preset=&#8221;default&#8221; global_colors_info=&#8221;{}&#8221;][et_pb_column type=&#8221;4_4&#8243; _builder_version=&#8221;4.25.0&#8243; _module_preset=&#8221;default&#8221; global_colors_info=&#8221;{}&#8221;][et_pb_text _builder_version=&#8221;4.25.0&#8243; _module_preset=&#8221;default&#8221; global_colors_info=&#8221;{}&#8221;]<\/p>\n<table>\n<tbody>\n<tr>\n<td width=\"173\">\n<p>Nastavni predmet<\/p>\n<\/td>\n<td width=\"115\">\n<p>Predmetni u\u010ditelj<\/p>\n<\/td>\n<td width=\"109\">\n<p>Dan u tjednu<\/p>\n<\/td>\n<td width=\"111\">\n<p>\u0160kolski sat<\/p>\n<\/td>\n<\/tr>\n<tr>\n<td width=\"173\">\n<p>Matematika<\/p>\n<\/td>\n<td width=\"115\">\n<p>Mate Plazibat<\/p>\n<\/td>\n<td width=\"109\">\n<p>srijeda<\/p>\n<p>&nbsp;<\/p>\n<\/td>\n<td width=\"111\">\n<p>5.sat<\/p>\n<\/td>\n<\/tr>\n<tr>\n<td width=\"173\">\n<p>Hrvatski jezik<\/p>\n<\/td>\n<td width=\"115\">\n<p>Danijela Gu\u0107<\/p>\n<\/td>\n<td width=\"109\">\n<p>utorak<\/p>\n<\/td>\n<td width=\"111\">\n<p>3.sat<\/p>\n<p>&nbsp;<\/p>\n<\/td>\n<\/tr>\n<tr>\n<td width=\"173\">\n<p>Kemija, biologija, priroda<\/p>\n<\/td>\n<td width=\"115\">\n<p>Marin Mandi\u0107<\/p>\n<\/td>\n<td width=\"109\">\n<p>ponedjeljak<\/p>\n<p>&nbsp;<\/p>\n<\/td>\n<td width=\"111\">\n<p>1.sat<\/p>\n<\/td>\n<\/tr>\n<tr>\n<td width=\"173\">\n<p>Talijanski jezik<\/p>\n<\/td>\n<td width=\"115\">\n<p>Keti Papi\u0107<\/p>\n<\/td>\n<td width=\"109\">\n<p>ponedjeljak<\/p>\n<p>&nbsp;<\/p>\n<\/td>\n<td width=\"111\">\n<p>5.sat<\/p>\n<\/td>\n<\/tr>\n<tr>\n<td width=\"173\">\n<p>Engleski jezik<\/p>\n<\/td>\n<td width=\"115\">\n<p>Ivana Lovrekovi\u0107 Bona\u010di\u0107<\/p>\n<\/td>\n<td width=\"109\">\n<p>\u010detvrtak<\/p>\n<\/td>\n<td width=\"111\">\n<p>6.sat<\/p>\n<\/td>\n<\/tr>\n<tr>\n<td width=\"173\">\n<p>Geografija<\/p>\n<\/td>\n<td width=\"115\">\n<p>Ivana Tepi\u0107<\/p>\n<\/td>\n<td width=\"109\">\n<p>ponedjeljak<\/p>\n<\/td>\n<td width=\"111\">\n<p>4.sat<\/p>\n<p>&nbsp;<\/p>\n<\/td>\n<\/tr>\n<tr>\n<td width=\"173\">\n<p>Povijest<\/p>\n<\/td>\n<td width=\"115\">\n<p>Kristina Novakovi\u0107<\/p>\n<\/td>\n<td width=\"109\">\n<p>ponedjeljak<\/p>\n<\/td>\n<td width=\"111\">\n<p>3.sat<\/p>\n<\/td>\n<\/tr>\n<tr>\n<td width=\"173\">\n<p>Tehni\u010dka kultura<\/p>\n<p>&nbsp;<\/p>\n<\/td>\n<td width=\"115\">\n<p>Matko Carevi\u0107<\/p>\n<\/td>\n<td width=\"109\">\n<p>\u010detvrtak<\/p>\n<\/td>\n<td width=\"111\">\n<p>2.sat<\/p>\n<\/td>\n<\/tr>\n<tr>\n<td width=\"173\">\n<p>Glazbena kultura<\/p>\n<p>&nbsp;<\/p>\n<\/td>\n<td width=\"115\">\n<p>Martina Zubi\u0107<\/p>\n<\/td>\n<td width=\"109\">\n<p>utorak<\/p>\n<\/td>\n<td width=\"111\">\n<p>4.sat<\/p>\n<\/td>\n<\/tr>\n<tr>\n<td width=\"173\">\n<p>Likovna kultura<\/p>\n<\/td>\n<td width=\"115\">\n<p>Marina Iveli\u0107\u00a0\u00a0\u00a0\u00a0\u00a0\u00a0 Samard\u017ei\u0107<\/p>\n<\/td>\n<td width=\"109\">\n<p>\u010detvrtak<\/p>\n<\/td>\n<td width=\"111\">\n<p>2.sat<\/p>\n<\/td>\n<\/tr>\n<tr>\n<td width=\"173\">\n<p>Informatika<\/p>\n<\/td>\n<td width=\"115\">\n<p>Mirna Pavi\u0161i\u0107<\/p>\n<\/td>\n<td width=\"109\">\n<p>\u010detvrtak<\/p>\n<\/td>\n<td width=\"111\">\n<p>3.sat<\/p>\n<p>&nbsp;<\/p>\n<\/td>\n<\/tr>\n<tr>\n<td width=\"173\">\n<p>Fizika<\/p>\n<\/td>\n<td width=\"115\">\n<p>Sanela Dekani\u0107<\/p>\n<\/td>\n<td width=\"109\">\n<p>utorak<\/p>\n<p>&nbsp;<\/p>\n<\/td>\n<td width=\"111\">\n<p>3.sat<\/p>\n<\/td>\n<\/tr>\n<tr>\n<td width=\"173\">\n<p>TZK<\/p>\n<p>&nbsp;<\/p>\n<\/td>\n<td width=\"115\">\n<p>Ozren Markioli<\/p>\n<\/td>\n<td width=\"109\">\n<p>utorak<\/p>\n<\/td>\n<td width=\"111\">\n<p>2.sat<\/p>\n<\/td>\n<\/tr>\n<tr>\n<td width=\"173\">\n<p>Vjeronauk<\/p>\n<\/td>\n<td width=\"115\">\n<p>Marija Tomi\u010di\u0107<\/p>\n<\/td>\n<td width=\"109\">\n<p>petak<\/p>\n<\/td>\n<td width=\"111\">\n<p>3.sat<\/p>\n<p>&nbsp;<\/p>\n<\/td>\n<\/tr>\n<\/tbody>\n<\/table>\n<p>[\/et_pb_text][\/et_pb_column][\/et_pb_row][\/et_pb_section]<\/p>\n","protected":false},"excerpt":{"rendered":"<p>Razredni odjel Razrednik Dan u tjednu \u0160kolski sat 1. \u0110ana Marinovi\u0107 \u010detvrtak 3.sat &nbsp; 2. Niko Vujanovi\u0107 &nbsp; srijeda &nbsp; 4.sat 3. Ivana Bari\u0107 &nbsp; utorak &nbsp; 2.sat 4. Kate Paji\u0107 utorak 3. sat &nbsp; 5. Keti Papi\u0107 ponedjeljak &nbsp; 5.sat 6. Marija Tomi\u010di\u0107 petak 3.sat &nbsp; 7. Kristina Novakovi\u0107 ponedjeljak 3.sat 8. Mirna Pavi\u0161i\u0107 [&hellip;]<\/p>\n","protected":false},"author":3350,"featured_media":0,"parent":0,"menu_order":0,"comment_status":"closed","ping_status":"closed","template":"","meta":{"_et_pb_use_builder":"on","_et_pb_old_content":"","_et_gb_content_width":"","footnotes":""},"class_list":["post-293067","page","type-page","status-publish","hentry"],"_links":{"self":[{"href":"https:\/\/os-milna.skole.hr\/index.php?rest_route=\/wp\/v2\/pages\/293067","targetHints":{"allow":["GET"]}}],"collection":[{"href":"https:\/\/os-milna.skole.hr\/index.php?rest_route=\/wp\/v2\/pages"}],"about":[{"href":"https:\/\/os-milna.skole.hr\/index.php?rest_route=\/wp\/v2\/types\/page"}],"author":[{"embeddable":true,"href":"https:\/\/os-milna.skole.hr\/index.php?rest_route=\/wp\/v2\/users\/3350"}],"replies":[{"embeddable":true,"href":"https:\/\/os-milna.skole.hr\/index.php?rest_route=%2Fwp%2Fv2%2Fcomments&post=293067"}],"version-history":[{"count":7,"href":"https:\/\/os-milna.skole.hr\/index.php?rest_route=\/wp\/v2\/pages\/293067\/revisions"}],"predecessor-version":[{"id":293727,"href":"https:\/\/os-milna.skole.hr\/index.php?rest_route=\/wp\/v2\/pages\/293067\/revisions\/293727"}],"wp:attachment":[{"href":"https:\/\/os-milna.skole.hr\/index.php?rest_route=%2Fwp%2Fv2%2Fmedia&parent=293067"}],"curies":[{"name":"wp","href":"https:\/\/api.w.org\/{rel}","templated":true}]}}