{"id":293070,"date":"2024-09-04T08:31:57","date_gmt":"2024-09-04T06:31:57","guid":{"rendered":"https:\/\/os-milna.skole.hr\/?page_id=293070"},"modified":"2024-09-04T10:32:34","modified_gmt":"2024-09-04T08:32:34","slug":"skolska-ambulanta","status":"publish","type":"page","link":"https:\/\/os-milna.skole.hr\/?page_id=293070","title":{"rendered":"\u0160kolska ambulanta"},"content":{"rendered":"\n<p><\/p>\n\n\n\n<p><\/p>\n\n\n\n<p>AMBULANTA \u0160KOLSKE MEDICINE&nbsp;<\/p>\n\n\n\n<p>Mladena Vodanovi\u0107a 24<\/p>\n\n\n\n<p>21400 Supetar<\/p>\n\n\n\n<p>tel: 021400 502<\/p>\n\n\n\n<p>Nadle\u017eni lije\u010dnik za na\u0161u \u0161kolu je&nbsp;<strong>dr. med. Ivo&nbsp;Matuli\u0107<\/strong><\/p>\n\n\n\n<p>Medicinska sestra<strong>&nbsp;Korina Hi\u017ear<\/strong><\/p>\n","protected":false},"excerpt":{"rendered":"<p>AMBULANTA \u0160KOLSKE MEDICINE&nbsp; Mladena Vodanovi\u0107a 24 21400 Supetar tel: 021400 502 Nadle\u017eni lije\u010dnik za na\u0161u \u0161kolu je&nbsp;dr. med. Ivo&nbsp;Matuli\u0107 Medicinska sestra&nbsp;Korina Hi\u017ear<\/p>\n","protected":false},"author":3350,"featured_media":0,"parent":0,"menu_order":0,"comment_status":"closed","ping_status":"closed","template":"","meta":{"_et_pb_use_builder":"","_et_pb_old_content":"","_et_gb_content_width":"","footnotes":""},"class_list":["post-293070","page","type-page","status-publish","hentry"],"_links":{"self":[{"href":"https:\/\/os-milna.skole.hr\/index.php?rest_route=\/wp\/v2\/pages\/293070","targetHints":{"allow":["GET"]}}],"collection":[{"href":"https:\/\/os-milna.skole.hr\/index.php?rest_route=\/wp\/v2\/pages"}],"about":[{"href":"https:\/\/os-milna.skole.hr\/index.php?rest_route=\/wp\/v2\/types\/page"}],"author":[{"embeddable":true,"href":"https:\/\/os-milna.skole.hr\/index.php?rest_route=\/wp\/v2\/users\/3350"}],"replies":[{"embeddable":true,"href":"https:\/\/os-milna.skole.hr\/index.php?rest_route=%2Fwp%2Fv2%2Fcomments&post=293070"}],"version-history":[{"count":2,"href":"https:\/\/os-milna.skole.hr\/index.php?rest_route=\/wp\/v2\/pages\/293070\/revisions"}],"predecessor-version":[{"id":293214,"href":"https:\/\/os-milna.skole.hr\/index.php?rest_route=\/wp\/v2\/pages\/293070\/revisions\/293214"}],"wp:attachment":[{"href":"https:\/\/os-milna.skole.hr\/index.php?rest_route=%2Fwp%2Fv2%2Fmedia&parent=293070"}],"curies":[{"name":"wp","href":"https:\/\/api.w.org\/{rel}","templated":true}]}}