{"id":294981,"date":"2025-04-11T12:32:06","date_gmt":"2025-04-11T10:32:06","guid":{"rendered":"https:\/\/os-milna.skole.hr\/?page_id=294981"},"modified":"2026-03-02T10:04:29","modified_gmt":"2026-03-02T09:04:29","slug":"plan-nabave-2","status":"publish","type":"page","link":"https:\/\/os-milna.skole.hr\/?page_id=294981","title":{"rendered":"Plan nabave"},"content":{"rendered":"<p>[et_pb_section fb_built=&#8221;1&#8243; _builder_version=&#8221;4.25.0&#8243; _module_preset=&#8221;default&#8221; global_colors_info=&#8221;{}&#8221;][et_pb_row _builder_version=&#8221;4.25.0&#8243; _module_preset=&#8221;default&#8221; custom_padding=&#8221;22px|||||&#8221; global_colors_info=&#8221;{}&#8221;][et_pb_column type=&#8221;4_4&#8243; _builder_version=&#8221;4.25.0&#8243; _module_preset=&#8221;default&#8221; global_colors_info=&#8221;{}&#8221;][et_pb_text _builder_version=&#8221;4.25.0&#8243; _module_preset=&#8221;default&#8221; custom_margin=&#8221;-20px|||||&#8221; global_colors_info=&#8221;{}&#8221;]<\/p>\n<p><a href=\"https:\/\/os-milna.skole.hr\/wp-content\/uploads\/sites\/2075\/2025\/04\/Plan-nabave-OS-Milna-za-2024.xlsx\" rel=\"attachment wp-att-295029\">Plan nabave O\u0160 Milna za 2024<\/a>.<\/p>\n<p>[\/et_pb_text][et_pb_text _builder_version=&#8221;4.25.0&#8243; _module_preset=&#8221;default&#8221; min_height=&#8221;37.8px&#8221; custom_margin=&#8221;-29px||4px|||&#8221; custom_padding=&#8221;0px||14px|||&#8221; global_colors_info=&#8221;{}&#8221;]<\/p>\n<p><a href=\"https:\/\/os-milna.skole.hr\/wp-content\/uploads\/sites\/2075\/2025\/04\/Plan-nabave-OS-Milna-za-2025.xlsx\" rel=\"attachment wp-att-295038\">Plan nabave O\u0160 Milna za 2025<\/a>.<\/p>\n<p>[\/et_pb_text][\/et_pb_column][\/et_pb_row][et_pb_row _builder_version=&#8221;4.25.0&#8243; _module_preset=&#8221;default&#8221;][et_pb_column _builder_version=&#8221;4.25.0&#8243; _module_preset=&#8221;default&#8221; type=&#8221;4_4&#8243;][et_pb_text _builder_version=&#8221;4.25.0&#8243; _module_preset=&#8221;default&#8221; hover_enabled=&#8221;0&#8243; sticky_enabled=&#8221;0&#8243; custom_margin=&#8221;-77px|||||&#8221; custom_padding=&#8221;5px|||||&#8221;]<\/p>\n<p><a href=\"https:\/\/os-milna.skole.hr\/wp-content\/uploads\/sites\/2075\/2026\/03\/Plan-nabave-OS-Milna-za-2026.pdf\" rel=\"attachment wp-att-296517\">Plan nabave O\u0160 Milna za 2026<\/a>.<\/p>\n<p>[\/et_pb_text][\/et_pb_column][\/et_pb_row][\/et_pb_section]<\/p>\n","protected":false},"excerpt":{"rendered":"<p>Plan nabave O\u0160 Milna za 2024.Plan nabave O\u0160 Milna za 2025.Plan nabave O\u0160 Milna za 2026.<\/p>\n","protected":false},"author":3350,"featured_media":0,"parent":0,"menu_order":0,"comment_status":"closed","ping_status":"closed","template":"","meta":{"_et_pb_use_builder":"on","_et_pb_old_content":"","_et_gb_content_width":"","footnotes":""},"class_list":["post-294981","page","type-page","status-publish","hentry"],"_links":{"self":[{"href":"https:\/\/os-milna.skole.hr\/index.php?rest_route=\/wp\/v2\/pages\/294981","targetHints":{"allow":["GET"]}}],"collection":[{"href":"https:\/\/os-milna.skole.hr\/index.php?rest_route=\/wp\/v2\/pages"}],"about":[{"href":"https:\/\/os-milna.skole.hr\/index.php?rest_route=\/wp\/v2\/types\/page"}],"author":[{"embeddable":true,"href":"https:\/\/os-milna.skole.hr\/index.php?rest_route=\/wp\/v2\/users\/3350"}],"replies":[{"embeddable":true,"href":"https:\/\/os-milna.skole.hr\/index.php?rest_route=%2Fwp%2Fv2%2Fcomments&post=294981"}],"version-history":[{"count":7,"href":"https:\/\/os-milna.skole.hr\/index.php?rest_route=\/wp\/v2\/pages\/294981\/revisions"}],"predecessor-version":[{"id":296520,"href":"https:\/\/os-milna.skole.hr\/index.php?rest_route=\/wp\/v2\/pages\/294981\/revisions\/296520"}],"wp:attachment":[{"href":"https:\/\/os-milna.skole.hr\/index.php?rest_route=%2Fwp%2Fv2%2Fmedia&parent=294981"}],"curies":[{"name":"wp","href":"https:\/\/api.w.org\/{rel}","templated":true}]}}