{"id":74,"date":"2023-07-28T22:07:14","date_gmt":"2023-07-28T20:07:14","guid":{"rendered":"https:\/\/os-milna.skole.hr\/?page_id=74"},"modified":"2026-04-08T11:37:08","modified_gmt":"2026-04-08T09:37:08","slug":"skolska-kuhinja","status":"publish","type":"page","link":"https:\/\/os-milna.skole.hr\/?page_id=74","title":{"rendered":"\u0160kolska kuhinja"},"content":{"rendered":"[et_pb_section fb_built=&#8221;1&#8243; admin_label=&#8221;section&#8221; _builder_version=&#8221;4.16&#8243; global_colors_info=&#8221;{}&#8221;][et_pb_row column_structure=&#8221;1_2,1_2&#8243; admin_label=&#8221;row&#8221; _builder_version=&#8221;4.16&#8243; background_size=&#8221;initial&#8221; background_position=&#8221;top_left&#8221; background_repeat=&#8221;repeat&#8221; global_colors_info=&#8221;{}&#8221;][et_pb_column type=&#8221;1_2&#8243; _builder_version=&#8221;4.16&#8243; custom_padding=&#8221;|||&#8221; global_colors_info=&#8221;{}&#8221; custom_padding__hover=&#8221;|||&#8221;][et_pb_text admin_label=&#8221;Text&#8221; _builder_version=&#8221;4.25.0&#8243; background_size=&#8221;initial&#8221; background_position=&#8221;top_left&#8221; background_repeat=&#8221;repeat&#8221; custom_padding=&#8221;||4px|||&#8221; global_colors_info=&#8221;{}&#8221;]<p><img decoding=\"async\" src=\"https:\/\/os-milna.skole.hr\/wp-content\/uploads\/sites\/2075\/2024\/10\/unnamed-300x300.jpg\" width=\"300\" height=\"300\" alt=\"\" class=\"wp-image-293385 alignnone size-medium\" \/><\/p>\n<p><\/p>[\/et_pb_text][et_pb_text admin_label=&#8221;Text&#8221; _builder_version=&#8221;4.25.0&#8243; background_size=&#8221;initial&#8221; background_position=&#8221;top_left&#8221; background_repeat=&#8221;repeat&#8221; custom_padding=&#8221;||4px|||&#8221; global_colors_info=&#8221;{}&#8221;][\/et_pb_text][\/et_pb_column][et_pb_column type=&#8221;1_2&#8243; _builder_version=&#8221;4.16&#8243; custom_padding=&#8221;|||&#8221; global_colors_info=&#8221;{}&#8221; custom_padding__hover=&#8221;|||&#8221;][et_pb_text _builder_version=&#8221;4.25.0&#8243; _module_preset=&#8221;default&#8221; custom_padding=&#8221;||56px|||&#8221; global_colors_info=&#8221;{}&#8221;]<p><em><strong>Jelovnik, 2025.\/2026.<\/strong><\/em><\/p>\n<ul>\n<li><a href=\"https:\/\/os-milna.skole.hr\/wp-content\/uploads\/sites\/2075\/2025\/09\/jelovnik-RUJAN-2025.docx\" rel=\"attachment wp-att-295608\">jelovnik RUJAN 2025.<\/a><\/li>\n<li><a href=\"https:\/\/os-milna.skole.hr\/wp-content\/uploads\/sites\/2075\/2025\/10\/jelovnik-LISTOPAD-2025.docx\" rel=\"attachment wp-att-295644\">jelovnik LISTOPAD 2025.<\/a><\/li>\n<\/ul>[\/et_pb_text][et_pb_text _builder_version=&#8221;4.25.0&#8243; _module_preset=&#8221;default&#8221; custom_margin=&#8221;-98px|||||&#8221; custom_padding=&#8221;0px|||||&#8221; global_colors_info=&#8221;{}&#8221;]<ul>\n<li><a href=\"https:\/\/os-milna.skole.hr\/wp-content\/uploads\/sites\/2075\/2025\/10\/jelovnik-STUDENI-2025.pdf\" rel=\"attachment wp-att-295923\">jelovnik STUDENI 2025.<\/a><\/li>\n<\/ul>[\/et_pb_text][et_pb_text _builder_version=&#8221;4.25.0&#8243; _module_preset=&#8221;default&#8221; min_height=&#8221;52px&#8221; custom_margin=&#8221;-48px||54px|||&#8221; custom_padding=&#8221;0px||48px|||&#8221; hover_enabled=&#8221;0&#8243; global_colors_info=&#8221;{}&#8221; sticky_enabled=&#8221;0&#8243;]<ul>\n<li><a href=\"https:\/\/os-milna.skole.hr\/wp-content\/uploads\/sites\/2075\/2025\/11\/jelovnik-PROSINAC-2025.pdf\" rel=\"attachment wp-att-296091\">jelovnik PROSINAC 2025.<\/a><\/li>\n<li><a href=\"https:\/\/os-milna.skole.hr\/wp-content\/uploads\/sites\/2075\/2026\/01\/jelovnik_sijecanj-2026.docx\" rel=\"attachment wp-att-296337\">jelovnik_sije\u010danj 2026.<\/a><\/li>\n<li><a href=\"https:\/\/os-milna.skole.hr\/wp-content\/uploads\/sites\/2075\/2026\/02\/jelovnik_veljaca-2026.pdf\" rel=\"attachment wp-att-296403\">jelovnik_velja\u010da 2026.<\/a><\/li>\n<\/ul>[\/et_pb_text][et_pb_text _builder_version=&#8221;4.25.0&#8243; _module_preset=&#8221;default&#8221; custom_margin=&#8221;-116px|||||&#8221; global_colors_info=&#8221;{}&#8221;]<ul>\n<li><a href=\"https:\/\/os-milna.skole.hr\/wp-content\/uploads\/sites\/2075\/2026\/02\/jelovnik_ozujk-2026.pdf\" rel=\"attachment wp-att-296484\">jelovnik_o\u017eujak 2026.<\/a><\/li>\n<\/ul>[\/et_pb_text][et_pb_text _builder_version=&#8221;4.25.0&#8243; _module_preset=&#8221;default&#8221; hover_enabled=&#8221;0&#8243; global_colors_info=&#8221;{}&#8221; custom_margin=&#8221;-46px|||||&#8221; sticky_enabled=&#8221;0&#8243;]<ul>\n<li><a href=\"https:\/\/os-milna.skole.hr\/wp-content\/uploads\/sites\/2075\/2026\/04\/jelovnik_travanj-2026.docx\" rel=\"attachment wp-att-296661\">jelovnik_travanj 2026.<\/a><\/li>\n<\/ul>[\/et_pb_text][\/et_pb_column][\/et_pb_row][\/et_pb_section]","protected":false},"excerpt":{"rendered":"<p>Jelovnik, 2025.\/2026. jelovnik RUJAN 2025. jelovnik LISTOPAD 2025. jelovnik STUDENI 2025. jelovnik PROSINAC 2025. jelovnik_sije\u010danj 2026. jelovnik_velja\u010da 2026. jelovnik_o\u017eujak 2026. jelovnik_travanj 2026.<\/p>\n","protected":false},"author":0,"featured_media":0,"parent":0,"menu_order":0,"comment_status":"closed","ping_status":"closed","template":"","meta":{"_et_pb_use_builder":"on","_et_pb_old_content":"<!-- wp:divi\/placeholder \/-->","_et_gb_content_width":"","footnotes":""},"class_list":["post-74","page","type-page","status-publish","hentry"],"_links":{"self":[{"href":"https:\/\/os-milna.skole.hr\/index.php?rest_route=\/wp\/v2\/pages\/74","targetHints":{"allow":["GET"]}}],"collection":[{"href":"https:\/\/os-milna.skole.hr\/index.php?rest_route=\/wp\/v2\/pages"}],"about":[{"href":"https:\/\/os-milna.skole.hr\/index.php?rest_route=\/wp\/v2\/types\/page"}],"replies":[{"embeddable":true,"href":"https:\/\/os-milna.skole.hr\/index.php?rest_route=%2Fwp%2Fv2%2Fcomments&post=74"}],"version-history":[{"count":33,"href":"https:\/\/os-milna.skole.hr\/index.php?rest_route=\/wp\/v2\/pages\/74\/revisions"}],"predecessor-version":[{"id":296673,"href":"https:\/\/os-milna.skole.hr\/index.php?rest_route=\/wp\/v2\/pages\/74\/revisions\/296673"}],"wp:attachment":[{"href":"https:\/\/os-milna.skole.hr\/index.php?rest_route=%2Fwp%2Fv2%2Fmedia&parent=74"}],"curies":[{"name":"wp","href":"https:\/\/api.w.org\/{rel}","templated":true}]}}