{"id":98,"date":"2023-07-28T22:08:34","date_gmt":"2023-07-28T20:08:34","guid":{"rendered":"https:\/\/os-milna.skole.hr\/?page_id=98"},"modified":"2024-11-04T12:16:48","modified_gmt":"2024-11-04T11:16:48","slug":"predmetna-nastava","status":"publish","type":"page","link":"https:\/\/os-milna.skole.hr\/?page_id=98","title":{"rendered":"Predmetna nastava"},"content":{"rendered":"<p>[et_pb_section fb_built=&#8221;1&#8243; _builder_version=&#8221;4.25.0&#8243; _module_preset=&#8221;default&#8221; hover_enabled=&#8221;0&#8243; global_colors_info=&#8221;{}&#8221; sticky_enabled=&#8221;0&#8243;][et_pb_row _builder_version=&#8221;4.25.0&#8243; _module_preset=&#8221;default&#8221; global_colors_info=&#8221;{}&#8221;][et_pb_column type=&#8221;4_4&#8243; _builder_version=&#8221;4.25.0&#8243; _module_preset=&#8221;default&#8221; global_colors_info=&#8221;{}&#8221;][et_pb_text _builder_version=&#8221;4.25.0&#8243; _module_preset=&#8221;default&#8221; global_colors_info=&#8221;{}&#8221;]<\/p>\n<table align=\"left\" border=\"1\" cellpadding=\"1\" cellspacing=\"1\">\n<tbody>\n<tr>\n<td colspan=\"2\">\n<p><span><strong><u>PREDMETNA NASTAVA<\/u>:<\/strong><\/span><\/p>\n<\/td>\n<\/tr>\n<tr>\n<td><span><strong>\u00a0\u00a0 Hrvatski jezik:<\/strong><\/span><\/td>\n<td>\n<p><span>\u00a0Ivana Neve\u0161\u0107anin Plazibat<\/span><\/p>\n<p>\u00a0Danijela Gu\u0107<\/p>\n<\/td>\n<\/tr>\n<tr>\n<td colspan=\"1\" rowspan=\"2\"><span><strong>\u00a0\u00a0 Engleski jezik:<\/strong><\/span><\/td>\n<\/tr>\n<tr>\n<td><span>\u00a0<\/span>Ivana Lovrekovi\u0107 Bona\u010di\u0107<\/td>\n<\/tr>\n<tr>\n<td><span><strong>\u00a0\u00a0 Talijanski jezik:<\/strong><\/span><\/td>\n<td>\n<p><span>\u00a0<\/span>Keti Papi\u0107<\/p>\n<\/td>\n<\/tr>\n<tr>\n<td><span><strong>\u00a0\u00a0 Matematika:<\/strong><\/span><\/td>\n<td>\n<p><span>\u00a0<\/span>Mate Plazibat<\/p>\n<\/td>\n<\/tr>\n<tr>\n<td><span><strong>\u00a0 \u00a0Informatika:<\/strong><\/span><\/td>\n<td>\n<p><span>\u00a0<\/span>Mirna Pavi\u0161i\u0107<\/p>\n<\/td>\n<\/tr>\n<tr>\n<td colspan=\"1\" rowspan=\"2\"><span><strong>\u00a0\u00a0<\/strong><\/span><strong>\u00a0Priroda\/Kemija\/Biologija:<\/strong><\/td>\n<\/tr>\n<tr>\n<td>\n<p><span>\u00a0<\/span>Marin Mandi\u0107<\/p>\n<\/td>\n<\/tr>\n<tr>\n<td><span><strong>\u00a0 \u00a0Geografija:<\/strong><\/span><\/td>\n<td>\n<p><span>\u00a0<\/span>Ivana Tepi\u0107<\/p>\n<\/td>\n<\/tr>\n<tr>\n<td><span><strong>\u00a0\u00a0 Povijest:<\/strong><\/span><\/td>\n<td>\n<p><span>\u00a0<\/span>Kristina Novakovi\u0107<\/p>\n<\/td>\n<\/tr>\n<tr>\n<td><span><strong>\u00a0\u00a0 Glazbena kultura:<\/strong><\/span><\/td>\n<td>\n<p>\u00a0Martina Zubi\u0107<\/p>\n<\/td>\n<\/tr>\n<tr>\n<td><span><strong>\u00a0\u00a0 Likovna kultura:<\/strong><\/span><\/td>\n<td>\n<p>\u00a0Marina Iveli\u0107 Samard\u017ei\u0107<span>\u00a0<\/span><\/p>\n<\/td>\n<\/tr>\n<tr>\n<td><span><strong>\u00a0\u00a0\u00a0<\/strong><\/span><strong>Fizika:<\/strong><\/td>\n<td>\n<p>\u00a0Sanela Dekani\u0107<\/p>\n<\/td>\n<\/tr>\n<tr>\n<td>\u00a0 \u00a0<strong>Tehni\u010dka kultura:<\/strong><\/td>\n<td>\n<p>\u00a0Matko Carevi\u0107<\/p>\n<\/td>\n<\/tr>\n<tr>\n<td><span><strong>\u00a0\u00a0 Tjelesna i zdravstvena kultura:<\/strong><\/span><\/td>\n<td>\n<p><span>\u00a0<\/span>Ozren Markioli<\/p>\n<\/td>\n<\/tr>\n<tr>\n<td><strong><span>\u00a0\u00a0 Vjeronauk:<\/span><\/strong><\/td>\n<td><span>\u00a0<\/span>Marija Tomi\u010di\u0107<\/td>\n<\/tr>\n<\/tbody>\n<\/table>\n<p>[\/et_pb_text][\/et_pb_column][\/et_pb_row][\/et_pb_section]<\/p>\n","protected":false},"excerpt":{"rendered":"<p>PREDMETNA NASTAVA: \u00a0\u00a0 Hrvatski jezik: \u00a0Ivana Neve\u0161\u0107anin Plazibat \u00a0Danijela Gu\u0107 \u00a0\u00a0 Engleski jezik: \u00a0Ivana Lovrekovi\u0107 Bona\u010di\u0107 \u00a0\u00a0 Talijanski jezik: \u00a0Keti Papi\u0107 \u00a0\u00a0 Matematika: \u00a0Mate Plazibat \u00a0 \u00a0Informatika: \u00a0Mirna Pavi\u0161i\u0107 \u00a0\u00a0\u00a0Priroda\/Kemija\/Biologija: \u00a0Marin Mandi\u0107 \u00a0 \u00a0Geografija: \u00a0Ivana Tepi\u0107 \u00a0\u00a0 Povijest: \u00a0Kristina Novakovi\u0107 \u00a0\u00a0 Glazbena kultura: \u00a0Martina Zubi\u0107 \u00a0\u00a0 Likovna kultura: \u00a0Marina Iveli\u0107 Samard\u017ei\u0107\u00a0 \u00a0\u00a0\u00a0Fizika: \u00a0Sanela Dekani\u0107 \u00a0 [&hellip;]<\/p>\n","protected":false},"author":0,"featured_media":0,"parent":0,"menu_order":0,"comment_status":"closed","ping_status":"closed","template":"","meta":{"_et_pb_use_builder":"on","_et_pb_old_content":"","_et_gb_content_width":"","footnotes":""},"class_list":["post-98","page","type-page","status-publish","hentry"],"_links":{"self":[{"href":"https:\/\/os-milna.skole.hr\/index.php?rest_route=\/wp\/v2\/pages\/98","targetHints":{"allow":["GET"]}}],"collection":[{"href":"https:\/\/os-milna.skole.hr\/index.php?rest_route=\/wp\/v2\/pages"}],"about":[{"href":"https:\/\/os-milna.skole.hr\/index.php?rest_route=\/wp\/v2\/types\/page"}],"replies":[{"embeddable":true,"href":"https:\/\/os-milna.skole.hr\/index.php?rest_route=%2Fwp%2Fv2%2Fcomments&post=98"}],"version-history":[{"count":2,"href":"https:\/\/os-milna.skole.hr\/index.php?rest_route=\/wp\/v2\/pages\/98\/revisions"}],"predecessor-version":[{"id":293634,"href":"https:\/\/os-milna.skole.hr\/index.php?rest_route=\/wp\/v2\/pages\/98\/revisions\/293634"}],"wp:attachment":[{"href":"https:\/\/os-milna.skole.hr\/index.php?rest_route=%2Fwp%2Fv2%2Fmedia&parent=98"}],"curies":[{"name":"wp","href":"https:\/\/api.w.org\/{rel}","templated":true}]}}